{"id":4653,"date":"2025-05-20T04:13:09","date_gmt":"2025-05-20T04:13:09","guid":{"rendered":"https:\/\/rootzen.es\/?page_id=4653"},"modified":"2025-05-20T04:13:10","modified_gmt":"2025-05-20T04:13:10","slug":"declaracion-de-accesibilidad","status":"publish","type":"page","link":"https:\/\/rootzen.es\/var\/www\/vhosts\/rootzen.eshttpdocs\/?page_id=4653","title":{"rendered":"Declaraci\u00f3n de Accesibilidad"},"content":{"rendered":"\n<h2 class=\"wp-block-heading\">Declaraci\u00f3n de Accesibilidad<\/h2>\n\n\n\n<p>En la construcci\u00f3n de la p\u00e1gina web de <strong>ROOTZEN.ES<\/strong> se han adoptado medidas con el objetivo de que el mayor n\u00famero posible de personas puedan llegar a la informaci\u00f3n que se transmite en ella, independientemente de las limitaciones de la persona o de las que se deriven del contexto de uso.<\/p>\n\n\n\n<p>As\u00ed, en la confecci\u00f3n del portal se han tenido en cuenta los siguientes aspectos:<\/p>\n\n\n\n<ul class=\"wp-block-list\">\n<li>Uso de CSS para la presentaci\u00f3n de la informaci\u00f3n.<\/li>\n\n\n\n<li>Etiquetas de marcaje.<\/li>\n\n\n\n<li>Sistemas de navegaci\u00f3n usables, intuitivos y alternativos.<\/li>\n\n\n\n<li>Descripciones alternativas en las im\u00e1genes.<\/li>\n\n\n\n<li>Verificaciones en la visualizaci\u00f3n con diferentes navegadores y dispositivos.<\/li>\n\n\n\n<li>Utilizaci\u00f3n de formatos universales y alternativos.<\/li>\n\n\n\n<li>Los enlaces ofrecen detalles de la funci\u00f3n o destino del hiperv\u00ednculo.<\/li>\n\n\n\n<li>Uso de los est\u00e1ndares del W3C.<\/li>\n\n\n\n<li>Acceso mediante atajos teclado a las principales opciones.<\/li>\n<\/ul>\n\n\n\n<h2 class=\"wp-block-heading\">Cumplimiento de los est\u00e1ndares<\/h2>\n\n\n\n<p>Las p\u00e1ginas de este sitio Web cumplen la marca AA seg\u00fan la Norma UNE 139803:2004 y las Directrices de Accesibilidad para el Contenido Web 1.0 del W3C. Todos los requisitos de Prioridad 1 y Prioridad 2 y un subconjunto de los requisitos de Prioridad 3 han sido comprobados con un an\u00e1lisis manual de la accesibilidad a trav\u00e9s de diferentes herramientas semi-autom\u00e1ticas y agentes de usuario.<\/p>\n\n\n\n<h2 class=\"wp-block-heading\">Atajos de teclado<\/h2>\n\n\n\n<p>En esta Web puede hacer saltos ordenados en el contenido con la tecla Tab.<\/p>\n\n\n\n<h2 class=\"wp-block-heading\">Tama\u00f1o del texto<\/h2>\n\n\n\n<p>El dise\u00f1o accesible permite que el usuario pueda ajustar las fuentes al tama\u00f1o que le convenga. Esta acci\u00f3n puede llevarse a cabo de diferentes maneras seg\u00fan el navegador web que se utilice. A continuaci\u00f3n se indica la acci\u00f3n de men\u00fa donde se encuentra esta funcionalidad en los navegadores m\u00e1s frecuentes:<\/p>\n\n\n\n<ul class=\"wp-block-list\">\n<li>Mozilla Firefox: Ver > Tama\u00f1o de texto > Incrementar Internet<\/li>\n\n\n\n<li>Internet Explorer: Ver > Tama\u00f1o de texto > M\u00e1s grande<\/li>\n\n\n\n<li>Opera: View > Zoom > %<\/li>\n\n\n\n<li>Safari: View > Make text bigger<\/li>\n\n\n\n<li>Google Chrome: Herramientas > Zoom<\/li>\n<\/ul>\n\n\n\n<h2 class=\"wp-block-heading\">Configuraci\u00f3n t\u00e9cnica<\/h2>\n\n\n\n<p>Las p\u00e1ginas web est\u00e1n creadas con el CMS WordPress 6.1.1.<\/p>\n\n\n\n<h2 class=\"wp-block-heading\">Informaci\u00f3n \u00fatil sobre la accesibilidad<\/h2>\n\n\n\n<p>Seguidamente se exponen una serie de enlaces organizados en diferentes categor\u00edas \u00fatiles para obtener m\u00e1s informaci\u00f3n sobre la accesibilidad.<\/p>\n\n\n\n<h2 class=\"wp-block-heading\">Accesibilidad normas y documentos t\u00e9cnicos:<\/h2>\n\n\n\n<p><a href=\"http:\/\/www.w3c.org\/\">http:\/\/www.w3c.org\/<br><\/a>Consorcio World Wide Web, grupo de trabajo de \u00e1mbito internacional que dicta l\u00edneas generales relacionadas con la web.<\/p>\n\n\n\n<p><a href=\"http:\/\/www.w3c.org\/wai\/\">http:\/\/www.w3c.org\/wai\/<br><\/a>Iniciativa de Accesibilidad Web del W3C.<\/p>\n","protected":false},"excerpt":{"rendered":"<p>Declaraci\u00f3n de Accesibilidad En la construcci\u00f3n de la p\u00e1gina web de ROOTZEN.ES se han adoptado medidas con el objetivo de que el mayor n\u00famero posible de personas puedan llegar a la informaci\u00f3n que se transmite en ella, independientemente de las limitaciones de la persona o de las que se deriven del contexto de uso. As\u00ed, [&hellip;]<\/p>\n","protected":false},"author":2,"featured_media":0,"parent":0,"menu_order":0,"comment_status":"closed","ping_status":"closed","template":"","meta":{"site-sidebar-layout":"default","site-content-layout":"","ast-site-content-layout":"default","site-content-style":"default","site-sidebar-style":"default","ast-global-header-display":"","ast-banner-title-visibility":"","ast-main-header-display":"","ast-hfb-above-header-display":"","ast-hfb-below-header-display":"","ast-hfb-mobile-header-display":"","site-post-title":"disabled","ast-breadcrumbs-content":"","ast-featured-img":"","footer-sml-layout":"","theme-transparent-header-meta":"","adv-header-id-meta":"","stick-header-meta":"","header-above-stick-meta":"","header-main-stick-meta":"","header-below-stick-meta":"","astra-migrate-meta-layouts":"set","ast-page-background-enabled":"default","ast-page-background-meta":{"desktop":{"background-color":"","background-image":"","background-repeat":"repeat","background-position":"center center","background-size":"auto","background-attachment":"scroll","background-type":"","background-media":"","overlay-type":"","overlay-color":"","overlay-opacity":"","overlay-gradient":""},"tablet":{"background-color":"","background-image":"","background-repeat":"repeat","background-position":"center center","background-size":"auto","background-attachment":"scroll","background-type":"","background-media":"","overlay-type":"","overlay-color":"","overlay-opacity":"","overlay-gradient":""},"mobile":{"background-color":"","background-image":"","background-repeat":"repeat","background-position":"center center","background-size":"auto","background-attachment":"scroll","background-type":"","background-media":"","overlay-type":"","overlay-color":"","overlay-opacity":"","overlay-gradient":""}},"ast-content-background-meta":{"desktop":{"background-color":"var(--ast-global-color-5)","background-image":"","background-repeat":"repeat","background-position":"center center","background-size":"auto","background-attachment":"scroll","background-type":"","background-media":"","overlay-type":"","overlay-color":"","overlay-opacity":"","overlay-gradient":""},"tablet":{"background-color":"var(--ast-global-color-5)","background-image":"","background-repeat":"repeat","background-position":"center center","background-size":"auto","background-attachment":"scroll","background-type":"","background-media":"","overlay-type":"","overlay-color":"","overlay-opacity":"","overlay-gradient":""},"mobile":{"background-color":"var(--ast-global-color-5)","background-image":"","background-repeat":"repeat","background-position":"center center","background-size":"auto","background-attachment":"scroll","background-type":"","background-media":"","overlay-type":"","overlay-color":"","overlay-opacity":"","overlay-gradient":""}},"footnotes":""},"class_list":["post-4653","page","type-page","status-publish","hentry"],"_links":{"self":[{"href":"https:\/\/rootzen.es\/var\/www\/vhosts\/rootzen.eshttpdocs\/index.php?rest_route=\/wp\/v2\/pages\/4653","targetHints":{"allow":["GET"]}}],"collection":[{"href":"https:\/\/rootzen.es\/var\/www\/vhosts\/rootzen.eshttpdocs\/index.php?rest_route=\/wp\/v2\/pages"}],"about":[{"href":"https:\/\/rootzen.es\/var\/www\/vhosts\/rootzen.eshttpdocs\/index.php?rest_route=\/wp\/v2\/types\/page"}],"author":[{"embeddable":true,"href":"https:\/\/rootzen.es\/var\/www\/vhosts\/rootzen.eshttpdocs\/index.php?rest_route=\/wp\/v2\/users\/2"}],"replies":[{"embeddable":true,"href":"https:\/\/rootzen.es\/var\/www\/vhosts\/rootzen.eshttpdocs\/index.php?rest_route=%2Fwp%2Fv2%2Fcomments&post=4653"}],"version-history":[{"count":1,"href":"https:\/\/rootzen.es\/var\/www\/vhosts\/rootzen.eshttpdocs\/index.php?rest_route=\/wp\/v2\/pages\/4653\/revisions"}],"predecessor-version":[{"id":4654,"href":"https:\/\/rootzen.es\/var\/www\/vhosts\/rootzen.eshttpdocs\/index.php?rest_route=\/wp\/v2\/pages\/4653\/revisions\/4654"}],"wp:attachment":[{"href":"https:\/\/rootzen.es\/var\/www\/vhosts\/rootzen.eshttpdocs\/index.php?rest_route=%2Fwp%2Fv2%2Fmedia&parent=4653"}],"curies":[{"name":"wp","href":"https:\/\/api.w.org\/{rel}","templated":true}]}}